{"id":71,"date":"2017-02-24T10:42:38","date_gmt":"2017-02-24T10:42:38","guid":{"rendered":"http:\/\/valenseumh.cluster020.hosting.ovh.net\/?page_id=71\/"},"modified":"2025-03-28T15:33:44","modified_gmt":"2025-03-28T15:33:44","slug":"certifications-agreations","status":"publish","type":"page","link":"https:\/\/www.valens.eu\/fr\/presentation\/certifications-agreations\/","title":{"rendered":"Agr\u00e9ations \/ Certifications"},"content":{"rendered":"<div class=\"su-row\">\n<div class=\"su-column su-column-size-1-2\"><div class=\"su-column-inner su-u-clearfix su-u-trim\">\n<h2>AGREATIONS<\/h2>\n<p>A la date du 8 septembre 2021, VALENS SA dispose des agr\u00e9ations belges pour les cat\u00e9gories de travaux suivants :<\/p>\n<ul>\n<li><strong>Classe 8<\/strong><\/li>\n<\/ul>\n<p><strong>Cat\u00e9gorie D<\/strong> : <strong>Entreprises g\u00e9n\u00e9rales de b\u00e2timents<\/strong><\/p>\n<p>Sous-cat\u00e9gorie D1 : Tous travaux de gros oeuvre et de mise sous toit de b\u00e2timents<\/p>\n<p>Sous-cat\u00e9gorie D24 :\u00a0Restauration de monuments<\/p>\n<p><strong>Cat. E<\/strong> : <strong>Entreprises g\u00e9n\u00e9rales de g\u00e9nie civil<\/strong><\/p>\n<p>Sous-cat\u00e9gorie E1 :\u00a0\u00c9gouts collecteurs<\/p>\n<p>Sous-cat\u00e9gorie E2 : Fondations profondes sur pieux, rideaux de palplanches, murs embou\u00e9s<\/p>\n<ul>\n<li><strong>Classe 7<\/strong><\/li>\n<\/ul>\n<p>Sous-cat\u00e9gorie D4 : Isolation acoustique ou thermique, faux plafonds et faux planchers pr\u00e9fabriqu\u00e9s ou non<\/p>\n<p><strong>Cat. F<\/strong> :\u00a0<strong>Entreprises de constructions m\u00e9talliques<\/strong><\/p>\n<p>Sous-cat\u00e9gorie F2 :\u00a0Construction de charpentes m\u00e9talliques<\/p>\n<ul>\n<li><strong>Classe 5<\/strong><\/li>\n<\/ul>\n<p><strong>Cat\u00e9gorie G<\/strong> :\u00a0<strong>Entreprises de terrassements<\/strong><\/p>\n<\/div><\/div>\n<div class=\"su-column su-column-size-1-2\"><div class=\"su-column-inner su-u-clearfix su-u-trim\">\n<h2>CERTIFICATIONS<\/h2>\n<p>La SA VALENS et ses succursales poss\u00e8dent les certifications ISO9001, ISO 14001 et VCA** (cliquer pour agrandir) \u00a0:<\/p>\n<p><a href=\"https:\/\/www.valens.eu\/wp-content\/uploads\/VALENS-ISO-9001-FR-6.pdf\"><img loading=\"lazy\" decoding=\"async\" class=\"alignnone wp-image-12946 size-medium\" src=\"https:\/\/www.valens.eu\/wp-content\/uploads\/VALENS-ISO-9001-FR-6-pdf-212x300.jpg\" alt=\"\" width=\"212\" height=\"300\" \/><\/a> <a href=\"https:\/\/www.valens.eu\/wp-content\/uploads\/ISO14001_Certificate_2023.pdf\"><img loading=\"lazy\" decoding=\"async\" class=\"alignnone wp-image-26753 size-medium\" src=\"https:\/\/www.valens.eu\/wp-content\/uploads\/ISO14001_Certificate_2023-pdf-212x300.jpg\" alt=\"\" width=\"212\" height=\"300\" \/><\/a><\/p>\n<p><a href=\"https:\/\/www.valens.eu\/wp-content\/uploads\/ARFI-certificat-VCA-FR.pdf\"><img loading=\"lazy\" decoding=\"async\" class=\"alignnone wp-image-28222 size-medium\" src=\"https:\/\/www.valens.eu\/wp-content\/uploads\/ARFI-certificat-VCA-FR-pdf-212x300.jpg\" alt=\"\" width=\"212\" height=\"300\" \/><\/a> \u00a0\u00a0 \u00a0<a href=\"https:\/\/www.valens.eu\/wp-content\/uploads\/amiante-1.pdf\"><img loading=\"lazy\" decoding=\"async\" class=\"alignnone wp-image-12958 size-medium\" src=\"https:\/\/www.valens.eu\/wp-content\/uploads\/amiante-1-pdf-212x300.jpg\" alt=\"\" width=\"212\" height=\"300\" \/><\/a><\/p>\n<\/div><\/div>\n<\/div>\n","protected":false},"excerpt":{"rendered":"","protected":false},"author":1,"featured_media":0,"parent":67,"menu_order":0,"comment_status":"closed","ping_status":"closed","template":"","meta":{"footnotes":""},"class_list":["post-71","page","type-page","status-publish","hentry"],"_links":{"self":[{"href":"https:\/\/www.valens.eu\/fr\/wp-json\/wp\/v2\/pages\/71","targetHints":{"allow":["GET"]}}],"collection":[{"href":"https:\/\/www.valens.eu\/fr\/wp-json\/wp\/v2\/pages"}],"about":[{"href":"https:\/\/www.valens.eu\/fr\/wp-json\/wp\/v2\/types\/page"}],"author":[{"embeddable":true,"href":"https:\/\/www.valens.eu\/fr\/wp-json\/wp\/v2\/users\/1"}],"replies":[{"embeddable":true,"href":"https:\/\/www.valens.eu\/fr\/wp-json\/wp\/v2\/comments?post=71"}],"version-history":[{"count":40,"href":"https:\/\/www.valens.eu\/fr\/wp-json\/wp\/v2\/pages\/71\/revisions"}],"predecessor-version":[{"id":55606,"href":"https:\/\/www.valens.eu\/fr\/wp-json\/wp\/v2\/pages\/71\/revisions\/55606"}],"up":[{"embeddable":true,"href":"https:\/\/www.valens.eu\/fr\/wp-json\/wp\/v2\/pages\/67"}],"wp:attachment":[{"href":"https:\/\/www.valens.eu\/fr\/wp-json\/wp\/v2\/media?parent=71"}],"curies":[{"name":"wp","href":"https:\/\/api.w.org\/{rel}","templated":true}]}}