{"id":64,"date":"2017-02-24T10:41:20","date_gmt":"2017-02-24T10:41:20","guid":{"rendered":"http:\/\/valenseumh.cluster020.hosting.ovh.net\/?page_id=64\/"},"modified":"2017-09-29T15:37:21","modified_gmt":"2017-09-29T15:37:21","slug":"mentions-legales","status":"publish","type":"page","link":"https:\/\/www.valens.eu\/fr\/mentions-legales\/","title":{"rendered":"Mentions L\u00e9gales"},"content":{"rendered":"<h2>D\u00e9charge de responsabilit\u00e9<\/h2>\n<p>Le pr\u00e9sent site Internet est la propri\u00e9t\u00e9 de la soci\u00e9t\u00e9 VALENS, dont le si\u00e8ge social est situ\u00e9 avenue Brugmann, 27 \u00e0 1060 Bruxelles, inscrite au registre des personnes morales de Bruxelles sous le num\u00e9ro 0424.905.926.<br \/>\nVALENS n\u2019est tenu que d\u2019une simple obligation de moyens concernant les informations qu\u2019il met \u00e0 disposition des personnes qui acc\u00e8dent \u00e0 son site web http:\/\/oy99mafgox.preview.infomaniak.website<br \/>\nAlors m\u00eame que nous avons effectu\u00e9 toutes les d\u00e9marches pour nous assurer de la fiabilit\u00e9 des informations contenues sur ce site web, VALENS ne peut encourir aucune responsabilit\u00e9 du fait d\u2019erreurs, d\u2019omissions, ou pour les r\u00e9sultats qui pourraient \u00eatre obtenus par l\u2019usage de ces informations. Notamment, l\u2019usage de liens hypertextes peut conduire votre consultation de notre site vers d\u2019autres serveurs pour prendre connaissance de l\u2019information recherch\u00e9e, serveurs sur lesquels VALENS n\u2019a aucun contr\u00f4le.<br \/>\nLe site Internet est susceptible de modification et d\u2019\u00e9volutions sans notification d\u2019aucune sorte.<\/p>\n<h2>Propri\u00e9t\u00e9 intellectuelle<\/h2>\n<p>Ce site et son contenu sont prot\u00e9g\u00e9s, en particulier par les droits d\u2019auteur, dessins et mod\u00e8les et droits des marques.<br \/>\nEn application de la l\u00e9gislation prot\u00e9geant la Propri\u00e9t\u00e9 Intellectuelle et, plus g\u00e9n\u00e9ralement, des trait\u00e9s et accords internationaux comportant des dispositions relatives \u00e0 la protection des droits d\u2019auteurs, vous vous interdirez de reproduire pour un usage autre que priv\u00e9, ainsi que de vendre, distribuer, \u00e9mettre, diffuser, adapter, modifier, publier, communiquer int\u00e9gralement ou partiellement, sous quelque forme que ce soit, les donn\u00e9es, la pr\u00e9sentation ou l\u2019organisation du site ou les oeuvres prot\u00e9g\u00e9es par le droit d\u2019auteur qui figurent sur le site web http:\/\/oy99mafgox.preview.infomaniak.website sans autorisation \u00e9crite particuli\u00e8re et pr\u00e9alable du d\u00e9tenteur du droit d\u2019auteur attach\u00e9 \u00e0 l\u2019oeuvre, \u00e0 la pr\u00e9sentation ou \u00e0 l\u2019organisation du site ou \u00e0 la donn\u00e9e reproduite.<br \/>\nVous vous interdirez \u00e9galement d\u2019introduire des donn\u00e9es sur le site web http:\/\/oy99mafgox.preview.infomaniak.website qui modifieraient ou qui seraient susceptibles de modifier le contenu ou l\u2019apparence des donn\u00e9es, de la pr\u00e9sentation ou de l\u2019organisation du site ou des \u0153uvres figurant sur le site web de VALENS et par quelque proc\u00e9d\u00e9 que ce soit.<\/p>\n","protected":false},"excerpt":{"rendered":"<p>D\u00e9charge de responsabilit\u00e9 Le pr\u00e9sent site Internet est la propri\u00e9t\u00e9 de la soci\u00e9t\u00e9 VALENS, dont le si\u00e8ge social est situ\u00e9 avenue Brugmann, 27 \u00e0 1060 Bruxelles, inscrite au registre des personnes morales de Bruxelles sous le num\u00e9ro 0424.905.926. VALENS n\u2019est tenu que d\u2019une simple obligation de moyens concernant les informations qu\u2019il met \u00e0 disposition des [&hellip;]<\/p>\n","protected":false},"author":1,"featured_media":0,"parent":0,"menu_order":0,"comment_status":"closed","ping_status":"closed","template":"","meta":{"footnotes":""},"class_list":["post-64","page","type-page","status-publish","hentry"],"_links":{"self":[{"href":"https:\/\/www.valens.eu\/fr\/wp-json\/wp\/v2\/pages\/64","targetHints":{"allow":["GET"]}}],"collection":[{"href":"https:\/\/www.valens.eu\/fr\/wp-json\/wp\/v2\/pages"}],"about":[{"href":"https:\/\/www.valens.eu\/fr\/wp-json\/wp\/v2\/types\/page"}],"author":[{"embeddable":true,"href":"https:\/\/www.valens.eu\/fr\/wp-json\/wp\/v2\/users\/1"}],"replies":[{"embeddable":true,"href":"https:\/\/www.valens.eu\/fr\/wp-json\/wp\/v2\/comments?post=64"}],"version-history":[{"count":7,"href":"https:\/\/www.valens.eu\/fr\/wp-json\/wp\/v2\/pages\/64\/revisions"}],"predecessor-version":[{"id":1788,"href":"https:\/\/www.valens.eu\/fr\/wp-json\/wp\/v2\/pages\/64\/revisions\/1788"}],"wp:attachment":[{"href":"https:\/\/www.valens.eu\/fr\/wp-json\/wp\/v2\/media?parent=64"}],"curies":[{"name":"wp","href":"https:\/\/api.w.org\/{rel}","templated":true}]}}