{"id":60,"date":"2017-02-24T10:40:42","date_gmt":"2017-02-24T10:40:42","guid":{"rendered":"http:\/\/valenseumh.cluster020.hosting.ovh.net\/?page_id=60\/"},"modified":"2025-03-04T14:25:40","modified_gmt":"2025-03-04T14:25:40","slug":"accueil","status":"publish","type":"page","link":"https:\/\/www.valens.eu\/fr\/","title":{"rendered":"Accueil"},"content":{"rendered":"<h2>Une \u00e9quipe dynamique et cr\u00e9ative pour construire avec excellence les projets de demain<\/h2>\n<div class=\"su-row\">\n<div class=\"su-column su-column-size-1-2\"><div class=\"su-column-inner su-u-clearfix su-u-trim\">\n<h4>Valens en quelques mots<\/h4>\n<p>N\u00e9e en janvier 2006 de la fusion des SA Maurice Delens et Van Rymenant, la SA Valens peut se pr\u00e9valoir d\u2019une tr\u00e8s longue exp\u00e9rience et met \u00e0 profit sa ma\u00eetrise et son savoir-faire dans le domaine de la construction en Belgique.<\/p>\n<p>Valens fait partie int\u00e9grante de la holding belge Eiffage Construction Belux qui appartient elle-m\u00eame au groupe fran\u00e7ais Eiffage, leader europ\u00e9en de la construction.<\/p>\n<p><a href=\"https:\/\/www.youtube.com\/watch?v=DDH5yuegR2o\">Corporate video &#8211; Eiffage Construction Belux<\/a><\/p>\n<\/div><\/div>\n<div class=\"su-column su-column-size-1-2\"><div class=\"su-column-inner su-u-clearfix su-u-trim\">\n<h4>Secteurs d\u2019activit\u00e9s<\/h4>\n<p><strong>G\u00e9nie civil <\/strong>\u00a0(m\u00e9tro, TGV, RER, ponts, viaducs, tunnels, bassins d\u2019orage, etc.)<br \/>\n<strong>Construction de b\u00e2timents neufs<\/strong> (bureaux, h\u00f4pitaux, centres commerciaux, logements, centres culturels et sportifs, \u00e9quipements collectifs, b\u00e2timents industriels, etc.)<br \/>\n<strong>R\u00e9novation et la restauration<\/strong> de b\u00e2timents class\u00e9s ou non.<br \/>\n<strong>Travaux relatifs \u00e0 l\u2019environnement<\/strong>, <strong>au d\u00e9samiantage, \u00e0 l&rsquo;isolation acoustique et \u00e0 la r\u00e9sistance au feu.<\/strong> <\/div><\/div>\n<div class=\"su-column su-column-size-1-2\"><div class=\"su-column-inner su-u-clearfix su-u-trim\">\n<\/div><\/div>\n<\/div>\n","protected":false},"excerpt":{"rendered":"<p>Une \u00e9quipe dynamique et cr\u00e9ative pour construire avec excellence les projets de demain<\/p>\n","protected":false},"author":1,"featured_media":0,"parent":0,"menu_order":0,"comment_status":"closed","ping_status":"closed","template":"","meta":{"footnotes":""},"class_list":["post-60","page","type-page","status-publish","hentry"],"_links":{"self":[{"href":"https:\/\/www.valens.eu\/fr\/wp-json\/wp\/v2\/pages\/60","targetHints":{"allow":["GET"]}}],"collection":[{"href":"https:\/\/www.valens.eu\/fr\/wp-json\/wp\/v2\/pages"}],"about":[{"href":"https:\/\/www.valens.eu\/fr\/wp-json\/wp\/v2\/types\/page"}],"author":[{"embeddable":true,"href":"https:\/\/www.valens.eu\/fr\/wp-json\/wp\/v2\/users\/1"}],"replies":[{"embeddable":true,"href":"https:\/\/www.valens.eu\/fr\/wp-json\/wp\/v2\/comments?post=60"}],"version-history":[{"count":27,"href":"https:\/\/www.valens.eu\/fr\/wp-json\/wp\/v2\/pages\/60\/revisions"}],"predecessor-version":[{"id":54394,"href":"https:\/\/www.valens.eu\/fr\/wp-json\/wp\/v2\/pages\/60\/revisions\/54394"}],"wp:attachment":[{"href":"https:\/\/www.valens.eu\/fr\/wp-json\/wp\/v2\/media?parent=60"}],"curies":[{"name":"wp","href":"https:\/\/api.w.org\/{rel}","templated":true}]}}