{"id":10809,"date":"2022-02-22T15:22:00","date_gmt":"2022-02-22T15:22:00","guid":{"rendered":"https:\/\/www.valens.eu\/?page_id=10809"},"modified":"2025-03-04T15:52:15","modified_gmt":"2025-03-04T15:52:15","slug":"durabilite-et-innovations","status":"publish","type":"page","link":"https:\/\/www.valens.eu\/fr\/durabilite-et-innovations\/","title":{"rendered":"Durabilit\u00e9 et innovation"},"content":{"rendered":"\n<p><\/p>\n\n\n\n<p><\/p>\n\n\n\n<div style=\"height:26px\" aria-hidden=\"true\" class=\"wp-block-spacer\"><\/div>\n\n\n\n<div class=\"wp-block-media-text alignwide has-media-on-the-right is-stacked-on-mobile is-vertically-aligned-top\"><div class=\"wp-block-media-text__content\">\n<h3 class=\"wp-block-heading has-text-align-left\">Le d\u00e9veloppement durable, <br>est notre priorit\u00e9<\/h3>\n\n\n\n<p><\/p>\n\n\n\n<p>La soci\u00e9t\u00e9 dans son ensemble fait face \u00e0\u00a0des d\u00e9fis majeurs\u00a0dans les domaines du climat, des \u00e9missions de CO<sub>2<\/sub>\u00a0et de l\u2019\u00e9nergie. Et le secteur de la construction n\u2019y \u00e9chappe pas. C\u2019est pourquoi, chez Eiffage Construction Belux et Valens, la durabilit\u00e9 est un\u00a0objectif de premier plan\u00a0dans la mise en \u0153uvre de <a href=\"https:\/\/www.valens.eu\/fr\/realisations\/#*\" target=\"_blank\" rel=\"noopener\">nos projets<\/a>.<\/p>\n\n\n\n<h4 class=\"wp-block-heading\"><strong>NOUS TRAVAILLONS<\/strong><br><strong>dans le respect de l\u2019environnement<\/strong><\/h4>\n\n\n\n<p>Chez Valens, nous recevons<strong> toujours plus de demandes<\/strong> en construction durable de nos clients et des ma\u00eetres d\u2019ouvrage. Nous y r\u00e9pondons autant que possible et dans le <strong>respect de l\u2019environnement<\/strong>.<\/p>\n\n\n\n<p>Nous relevons ces d\u00e9fis gr\u00e2ce au respect des normes et avons opt\u00e9 pour la construction passive : construire gr\u00e2ce \u00e0 une utilisation responsable de l\u2019espace, \u00e0 une utilisation \u00e9conomique de l\u2019\u00e9nergie et de l\u2019eau, et gr\u00e2ce \u00e0 des <strong>mat\u00e9riaux de construction durables.<\/strong><\/p>\n\n\n\n<h4 class=\"wp-block-heading\"><strong>NOUS RESPECTONS<\/strong><br><strong> les normes des certificats de durabilit\u00e9<\/strong><\/h4>\n\n\n\n<p>Nous r\u00e9pondons aux normes de certificats de durabilit\u00e9, tel que le <a rel=\"noopener\" href=\"https:\/\/www.breeam.com\/\" target=\"_blank\">BREEAM<\/a>, tout en contribuant globalement \u00e0 <strong>une soci\u00e9t\u00e9 plus verte<\/strong> et plus durable pour tous.<\/p>\n\n\n\n<p>Valens a \u00e9galement recours au BIM (Building Information Modeling). <br>L\u2019objectif de cet outil ? Faciliter la planification du travail via une repr\u00e9sentation virtuelle du chantier. <br>Le BIM nous simplifie la t\u00e2che et rend la communication plus fluide. Il permet d\u2019anticiper et de g\u00e9rer les aspects du chantier de fa\u00e7on <strong>plus durable.<\/strong><\/p>\n\n\n\n<p>Eiffage Construction Belux et Valens, en tant que soci\u00e9t\u00e9s de construction <strong>socialement responsables<\/strong>, accordent une importance primordiale \u00e0 s\u2019inscrire dans la continuit\u00e9 de la durabilit\u00e9 et de l\u2019entreprenariat qu\u2019elles engendrent.<\/p>\n<\/div><figure class=\"wp-block-media-text__media\"><img loading=\"lazy\" decoding=\"async\" width=\"455\" height=\"694\" src=\"https:\/\/www.valens.eu\/wp-content\/uploads\/val10-1.jpg\" alt=\"\" class=\"wp-image-10970 size-full\" srcset=\"https:\/\/www.valens.eu\/wp-content\/uploads\/val10-1.jpg 455w, https:\/\/www.valens.eu\/wp-content\/uploads\/val10-1-197x300.jpg 197w\" sizes=\"auto, (max-width: 455px) 100vw, 455px\" \/><\/figure><\/div>\n\n\n\n<p><\/p>\n\n\n\n<div style=\"height:50px\" aria-hidden=\"true\" class=\"wp-block-spacer\"><\/div>\n\n\n\n<div class=\"wp-block-media-text alignwide is-stacked-on-mobile is-vertically-aligned-top\"><figure class=\"wp-block-media-text__media\"><img loading=\"lazy\" decoding=\"async\" width=\"631\" height=\"849\" src=\"https:\/\/www.valens.eu\/wp-content\/uploads\/val6.jpg\" alt=\"\" class=\"wp-image-10891 size-full\" srcset=\"https:\/\/www.valens.eu\/wp-content\/uploads\/val6.jpg 631w, https:\/\/www.valens.eu\/wp-content\/uploads\/val6-223x300.jpg 223w, https:\/\/www.valens.eu\/wp-content\/uploads\/val6-500x673.jpg 500w\" sizes=\"auto, (max-width: 631px) 100vw, 631px\" \/><\/figure><div class=\"wp-block-media-text__content\">\n<h3 class=\"wp-block-heading\"><strong>UNE \u00c9CHELLE DE PERFORMANCE<\/strong><br><strong>pour r\u00e9duire nos \u00e9missions<\/strong><\/h3>\n\n\n\n<p>Gr\u00e2ce \u00e0 l\u2019\u00e9chelle de performance CO<sub>2<\/sub>, diverses initiatives sont mises en place pour <strong>r\u00e9duire nos \u00e9missions<\/strong>, notamment en r\u00e9pertoriant notre consommation d\u2019\u00e9nergie et nos \u00e9missions de CO<sub>2<\/sub>.<\/p>\n\n\n\n<p>Analyser, prendre du recul sur nos m\u00e9thodes de travail, et la mani\u00e8re dont nous pouvons le repenser, permet de s\u2019inscrire dans une d\u00e9marche de soci\u00e9t\u00e9 <strong>soucieuse de son environnement.<\/strong><\/p>\n\n\n\n<div class=\"wp-block-buttons is-layout-flex wp-block-buttons-is-layout-flex\">\n<div class=\"wp-block-button aligncenter is-style-fill\"><a class=\"wp-block-button__link has-white-background-color has-background wp-element-button\" href=\"\" style=\"border-radius:5px\" target=\"_blank\" rel=\"noreferrer noopener\">Int\u00e9gralit\u00e9 du certificat<\/a><\/div>\n<\/div>\n\n\n\n<h4 class=\"wp-block-heading\"><strong>En quoi consiste l\u2019\u00e9chelle de performance CO<sub>2&nbsp;<\/sub>?<\/strong><\/h4>\n\n\n\n<p>L\u2019\u00e9chelle de performance CO<sub>2<\/sub>&nbsp;est un syst\u00e8me de gestion de la SKAO (Fondation pour les achats et les entreprises respectueuses du climat), cr\u00e9\u00e9 pour encourager les entreprises \u00e0&nbsp;prendre conscience&nbsp;de leurs \u00e9missions de CO<sub>2<\/sub>&nbsp;et \u00e0 agir en cons\u00e9quence. <br>Pour plus d&rsquo;information, cliquez ci-dessous <\/p>\n\n\n\n<p><\/p>\n\n\n\n<div class=\"wp-block-buttons is-layout-flex wp-block-buttons-is-layout-flex\">\n<div class=\"wp-block-button aligncenter is-style-fill\"><a class=\"wp-block-button__link has-vivid-red-background-color has-background wp-element-button\" href=\"https:\/\/www.co2-prestatieladder.be\/\" style=\"border-radius:5px\" target=\"_blank\" rel=\"noreferrer noopener\">Site Web de la SKAO<\/a><\/div>\n<\/div>\n\n\n\n<div style=\"height:35px\" aria-hidden=\"true\" class=\"wp-block-spacer\"><\/div>\n\n\n\n<h4 class=\"wp-block-heading\"><strong>Quels sont ses avantages&nbsp;?<\/strong><\/h4>\n\n\n\n<p>L\u2019\u00e9chelle de performance CO<sub>2<\/sub>&nbsp;constitue&nbsp;un <strong>outil efficace<\/strong>&nbsp;pour g\u00e9n\u00e9rer des b\u00e9n\u00e9fices dans la gestion de notre entreprise et dans la r\u00e9alisation de projets. Cela dans diff\u00e9rents domaines, notamment en mati\u00e8re d\u2019utilisation efficace des mat\u00e9riaux,&nbsp;<strong>d\u2019\u00e9conomie d\u2019\u00e9nergie<\/strong>&nbsp;et d\u2019utilisation des \u00e9nergies renouvelables.<\/p>\n\n\n\n<p><\/p>\n<\/div><\/div>\n\n\n\n<div style=\"height:50px\" aria-hidden=\"true\" class=\"wp-block-spacer\"><\/div>\n\n\n\n<div class=\"wp-block-media-text alignwide has-media-on-the-right is-stacked-on-mobile\"><div class=\"wp-block-media-text__content\">\n<h3 class=\"wp-block-heading has-text-align-center\" id=\"nous-travaillons-dans-le-respect-de-l-environnement-1\">Documents officiels<\/h3>\n\n\n\n<p class=\"has-text-align-center\">Jetez un coup d\u2019\u0153il aux mesures, initiatives et certificats qu\u2019Eiffage Construction Belux et Valens ont d\u00e9j\u00e0 entrepris.<\/p>\n\n\n\n<p><\/p>\n\n\n\n<div style=\"height:35px\" aria-hidden=\"true\" class=\"wp-block-spacer\"><\/div>\n\n\n\n<div class=\"wp-block-buttons is-content-justification-center is-layout-flex wp-container-core-buttons-is-layout-16018d1d wp-block-buttons-is-layout-flex\">\n<div class=\"wp-block-button has-custom-width wp-block-button__width-75 has-custom-font-size is-style-fill has-medium-font-size\"><a class=\"wp-block-button__link has-vivid-red-background-color has-background wp-element-button\" href=\"https:\/\/www.valens.eu\/wp-content\/uploads\/Valens-CO2PL-3D1-Initiatives-FR-02-PDF.pdf\" style=\"border-radius:5px\" target=\"_blank\" rel=\"noreferrer noopener\">Initiatives<\/a><\/div>\n\n\n\n<div class=\"wp-block-button has-custom-width wp-block-button__width-75 has-custom-font-size is-style-fill has-medium-font-size\"><a class=\"wp-block-button__link has-vivid-red-background-color has-background wp-element-button\" href=\"https:\/\/www.valens.eu\/wp-content\/uploads\/Valens-CO2PL-3B1-Rapports-d-avancement-FR.pdf\" style=\"border-radius:5px\" target=\"_blank\" rel=\"noreferrer noopener\">Rapport d&rsquo;avancement<\/a><\/div>\n\n\n\n<div class=\"wp-block-button has-custom-width wp-block-button__width-75 has-custom-font-size is-style-fill has-medium-font-size\"><a class=\"wp-block-button__link has-vivid-red-background-color has-background wp-element-button\" href=\"https:\/\/www.valens.eu\/wp-content\/uploads\/2.-CO2-prestatieladder-communicatieplan-R00-FR.pdf\" style=\"border-radius:5px\" target=\"_blank\" rel=\"noreferrer noopener\">Plan de communication<\/a><\/div>\n\n\n\n<div class=\"wp-block-button has-custom-width wp-block-button__width-75 has-custom-font-size is-style-fill has-medium-font-size\"><a class=\"wp-block-button__link has-vivid-red-background-color has-background wp-element-button\" href=\"https:\/\/www.valens.eu\/wp-content\/uploads\/Groupe-Eiffage-Benelux_Certificate-Goo-Green-4-Business-2024-version-FR.pdf\" style=\"border-radius:5px\" target=\"_blank\" rel=\"noreferrer noopener\">Certificat \u00e9nergie verte<\/a><\/div>\n\n\n\n<div class=\"wp-block-button has-custom-width wp-block-button__width-75 has-custom-font-size is-style-fill has-medium-font-size\"><a class=\"wp-block-button__link has-vivid-red-background-color has-background wp-element-button\" href=\"https:\/\/www.valens.eu\/wp-content\/uploads\/CO\u00b2-Bewust-Certificaat.jpg\" style=\"border-radius:5px\" target=\"_blank\" rel=\"noreferrer noopener\">Certificat de conscience du CO\u00b2<\/a><\/div>\n<\/div>\n\n\n\n<p><\/p>\n<\/div><figure class=\"wp-block-media-text__media\"><img loading=\"lazy\" decoding=\"async\" width=\"600\" height=\"399\" src=\"https:\/\/www.valens.eu\/wp-content\/uploads\/femme-chantier.jpg\" alt=\"\" class=\"wp-image-5194 size-full\" srcset=\"https:\/\/www.valens.eu\/wp-content\/uploads\/femme-chantier.jpg 600w, https:\/\/www.valens.eu\/wp-content\/uploads\/femme-chantier-300x200.jpg 300w, https:\/\/www.valens.eu\/wp-content\/uploads\/femme-chantier-500x333.jpg 500w\" sizes=\"auto, (max-width: 600px) 100vw, 600px\" \/><\/figure><\/div>\n\n\n\n<div style=\"height:50px\" aria-hidden=\"true\" class=\"wp-block-spacer\"><\/div>\n\n\n\n<div class=\"wp-block-media-text alignwide is-stacked-on-mobile\"><figure class=\"wp-block-media-text__media\"><img loading=\"lazy\" decoding=\"async\" width=\"1024\" height=\"684\" src=\"https:\/\/www.valens.eu\/wp-content\/uploads\/20230127_Be-Circular_HD122-1024x684.jpg\" alt=\"\" class=\"wp-image-24932 size-full\" srcset=\"https:\/\/www.valens.eu\/wp-content\/uploads\/20230127_Be-Circular_HD122-1024x684.jpg 1024w, https:\/\/www.valens.eu\/wp-content\/uploads\/20230127_Be-Circular_HD122-300x200.jpg 300w, https:\/\/www.valens.eu\/wp-content\/uploads\/20230127_Be-Circular_HD122-768x513.jpg 768w, https:\/\/www.valens.eu\/wp-content\/uploads\/20230127_Be-Circular_HD122-1536x1026.jpg 1536w, https:\/\/www.valens.eu\/wp-content\/uploads\/20230127_Be-Circular_HD122-2048x1367.jpg 2048w, https:\/\/www.valens.eu\/wp-content\/uploads\/20230127_Be-Circular_HD122-500x334.jpg 500w\" sizes=\"auto, (max-width: 1024px) 100vw, 1024px\" \/><\/figure><div class=\"wp-block-media-text__content\">\n<p><\/p>\n\n\n<div class=\"wp-block-image\">\n<figure class=\"alignleft size-full is-resized\"><img loading=\"lazy\" decoding=\"async\" width=\"183\" height=\"130\" src=\"https:\/\/www.valens.eu\/wp-content\/uploads\/quote.jpg\" alt=\"\" class=\"wp-image-11072\" style=\"width:79px;height:56px\"\/><\/figure>\n<\/div>\n\n\n<p class=\"has-text-align-left has-black-color has-text-color\"><em><strong>Depuis plusieurs ann\u00e9es, Valens a mis en place des actions afin d\u2019\u00eatre exemplaire dans la durabilit\u00e9 et les solutions bas carbone. Avec le Groupe Eiffage, nous consid\u00e9rons la construction bas carbone comme une opportunit\u00e9 et nous adoptons une strat\u00e9gie bas carbone ambitieuse et innovante.<br>Il y a d\u00e9j\u00e0 quelques ann\u00e9es que Valens a cr\u00e9\u00e9 la Cellule D\u00e9veloppement Durable qui a pour objectif de r\u00e9pondre \u00e0 des projets ambitieux, et ce, de mani\u00e8re concr\u00e8te. Cette ann\u00e9e, Valens est laur\u00e9at du concours Be Circular (Bruxelles Environnement) gr\u00e2ce notre projet<\/strong><\/em><em><strong> <\/strong><\/em><strong>\u00ab\u00a0Building a Zero Waste strategy for Valens\u00a0\u00bb<em>!<\/em><\/strong><\/p>\n\n\n\n<p class=\"has-vivid-red-color has-text-color\"><strong>PIERRE W\u00c9RY, administrateur-d\u00e9l\u00e9gu\u00e9 de Valens.<\/strong><\/p>\n<\/div><\/div>\n\n\n\n<div style=\"height:50px\" aria-hidden=\"true\" class=\"wp-block-spacer\"><\/div>\n\n\n\n<h3 class=\"wp-block-heading has-text-align-center\"><strong>PREUVES QUE NOUS SOMMES LES ACTEURS D\u2019UNE PLAN\u00c8TE PLUS VERTE<\/strong><\/h3>\n\n\n\n<p><\/p>\n","protected":false},"excerpt":{"rendered":"<p>Le d\u00e9veloppement durable, est notre priorit\u00e9 La soci\u00e9t\u00e9 dans son ensemble fait face \u00e0\u00a0des d\u00e9fis majeurs\u00a0dans les domaines du climat, des \u00e9missions de CO2\u00a0et de l\u2019\u00e9nergie. Et le secteur de la construction n\u2019y \u00e9chappe pas. C\u2019est pourquoi, chez Eiffage Construction Belux et Valens, la durabilit\u00e9 est un\u00a0objectif de premier plan\u00a0dans la mise en \u0153uvre de [&hellip;]<\/p>\n","protected":false},"author":1,"featured_media":10797,"parent":0,"menu_order":0,"comment_status":"closed","ping_status":"closed","template":"","meta":{"footnotes":""},"class_list":["post-10809","page","type-page","status-publish","has-post-thumbnail","hentry"],"_links":{"self":[{"href":"https:\/\/www.valens.eu\/fr\/wp-json\/wp\/v2\/pages\/10809","targetHints":{"allow":["GET"]}}],"collection":[{"href":"https:\/\/www.valens.eu\/fr\/wp-json\/wp\/v2\/pages"}],"about":[{"href":"https:\/\/www.valens.eu\/fr\/wp-json\/wp\/v2\/types\/page"}],"author":[{"embeddable":true,"href":"https:\/\/www.valens.eu\/fr\/wp-json\/wp\/v2\/users\/1"}],"replies":[{"embeddable":true,"href":"https:\/\/www.valens.eu\/fr\/wp-json\/wp\/v2\/comments?post=10809"}],"version-history":[{"count":163,"href":"https:\/\/www.valens.eu\/fr\/wp-json\/wp\/v2\/pages\/10809\/revisions"}],"predecessor-version":[{"id":54403,"href":"https:\/\/www.valens.eu\/fr\/wp-json\/wp\/v2\/pages\/10809\/revisions\/54403"}],"wp:featuredmedia":[{"embeddable":true,"href":"https:\/\/www.valens.eu\/fr\/wp-json\/wp\/v2\/media\/10797"}],"wp:attachment":[{"href":"https:\/\/www.valens.eu\/fr\/wp-json\/wp\/v2\/media?parent=10809"}],"curies":[{"name":"wp","href":"https:\/\/api.w.org\/{rel}","templated":true}]}}